{"id":153,"date":"2021-10-12T11:03:32","date_gmt":"2021-10-12T09:03:32","guid":{"rendered":"https:\/\/cuistot-challenge.com\/?page_id=153"},"modified":"2021-10-19T09:43:25","modified_gmt":"2021-10-19T07:43:25","slug":"reglement","status":"publish","type":"page","link":"https:\/\/cuistot-challenge.com\/index.php\/reglement\/","title":{"rendered":"R\u00e8glement"},"content":{"rendered":"<p>[et_pb_section fb_built=\u00a0\u00bb1&Prime; _builder_version=\u00a0\u00bb4.11.1&Prime; _module_preset=\u00a0\u00bbdefault\u00a0\u00bb global_colors_info=\u00a0\u00bb{}\u00a0\u00bb][et_pb_row _builder_version=\u00a0\u00bb4.11.1&Prime; _module_preset=\u00a0\u00bbdefault\u00a0\u00bb global_colors_info=\u00a0\u00bb{}\u00a0\u00bb][et_pb_column type=\u00a0\u00bb4_4&Prime; _builder_version=\u00a0\u00bb4.11.1&Prime; _module_preset=\u00a0\u00bbdefault\u00a0\u00bb global_colors_info=\u00a0\u00bb{}\u00a0\u00bb][et_pb_text _builder_version=\u00a0\u00bb4.11.1&Prime; _module_preset=\u00a0\u00bbdefault\u00a0\u00bb header_font=\u00a0\u00bb|700||on|||||\u00a0\u00bb header_text_align=\u00a0\u00bbcenter\u00a0\u00bb header_text_color=\u00a0\u00bbgcid-6c0d3b7b-4266-4bf4-b4e3-5a4db2beeefd\u00a0\u00bb hover_enabled=\u00a0\u00bb0&Prime; global_colors_info=\u00a0\u00bb{%22gcid-6c0d3b7b-4266-4bf4-b4e3-5a4db2beeefd%22:%91%22header_text_color%22%93,%22gcid-16955b28-6f33-4b34-9765-d97d952bda28%22:%91%22header_3_text_color%22%93}\u00a0\u00bb header_3_text_align=\u00a0\u00bbcenter\u00a0\u00bb header_3_text_color=\u00a0\u00bbgcid-16955b28-6f33-4b34-9765-d97d952bda28&Prime; header_3_font=\u00a0\u00bb|600|||||||\u00a0\u00bb header_3_font_size=\u00a0\u00bb20px\u00a0\u00bb sticky_enabled=\u00a0\u00bb0&Prime;]<\/p>\n<h1>REGLEMENT DE JEU<\/h1>\n<h3>\u00ab Mc Donald\u2019s Cuistot Challenge \u00bb<\/h3>\n<p>[\/et_pb_text][\/et_pb_column][\/et_pb_row][et_pb_row _builder_version=\u00a0\u00bb4.11.1&Prime; _module_preset=\u00a0\u00bbdefault\u00a0\u00bb global_colors_info=\u00a0\u00bb{}\u00a0\u00bb][et_pb_column type=\u00a0\u00bb4_4&Prime; _builder_version=\u00a0\u00bb4.11.1&Prime; _module_preset=\u00a0\u00bbdefault\u00a0\u00bb global_colors_info=\u00a0\u00bb{}\u00a0\u00bb][et_pb_text _builder_version=\u00a0\u00bb4.11.1&Prime; _module_preset=\u00a0\u00bbdefault\u00a0\u00bb text_text_color=\u00a0\u00bbgcid-6c0d3b7b-4266-4bf4-b4e3-5a4db2beeefd\u00a0\u00bb header_font=\u00a0\u00bb|700||on|||||\u00a0\u00bb header_text_align=\u00a0\u00bbcenter\u00a0\u00bb header_text_color=\u00a0\u00bbgcid-6c0d3b7b-4266-4bf4-b4e3-5a4db2beeefd\u00a0\u00bb header_3_text_align=\u00a0\u00bbcenter\u00a0\u00bb hover_enabled=\u00a0\u00bb0&Prime; global_colors_info=\u00a0\u00bb{%22gcid-6c0d3b7b-4266-4bf4-b4e3-5a4db2beeefd%22:%91%22header_text_color%22,%22text_text_color%22%93}\u00a0\u00bb sticky_enabled=\u00a0\u00bb0&Prime;]<\/p>\n<h3><strong>Art. 1 SOCI\u00c9T\u00c9S ORGANISATRICES<\/strong><\/h3>\n<div dir=\"auto\">\n<p>A\u2019TOUT\u2019COM situ\u00e9e 56 rue Alfred Dum\u00e9ril 31400 Toulouse siret 877 653 428 00012<\/p>\n<p>Le r\u00e8glement g\u00e9n\u00e9ral du \u00ab Cuistot Challenge \u00bb a \u00e9t\u00e9 d\u00e9cid\u00e9 et \u00e9crit par l\u2019organisateur de la comp\u00e9tition ESBI, l&rsquo;ESBI est une SARL unipersonnelle domicili\u00e9e au 4 Rue Marie Curie, 31520 Ramonville-Saint-Agne et enregistr\u00e9e sous le num\u00e9ro Siret : 87897056500015.<\/p>\n<p>L\u2019\u00e9quipe organisatrice ESBI se r\u00e9serve le droit de modifier le r\u00e8glement \u00e0 tout moment et sans pr\u00e9avis. En cas de modification, la nouvelle version sera publi\u00e9e sur le Site et une notification de modification sera transmise aux Parties prenantes au moins 10 jours ouvr\u00e9s avant leur entr\u00e9e en vigueur.<\/p>\n<p>Dans le cadre de ses activit\u00e9s, l&rsquo;ESBI organise \u00e0 Toulouse, une comp\u00e9tition en partenariat avec 28 restaurants McDonald\u2019s de TOULOUSE et son agglom\u00e9ration : Esquirol, Rangueil, Mirail, Compans, Purpan, Capitole, Rte Espagne, Montaudran, Jean Chaubet, Koenigs, Wilson, Plaisance, Fonsorbes, L\u2019union, Lab\u00e8ge, Tournefeuille, Colomiers Centre et Perget, Rouffiac, Roques, Balma, Ayguesvives, Portet, Aucamville, Saint Orens, Cugnaux, Muret, Auterive, \u00e0 destination des clients et salari\u00e9s McDonald&rsquo;s d\u00e9nomm\u00e9 \u00ab McDonald\u2019s Cuistot Challenge \u00bb.<br \/>Ci-apr\u00e8s d\u00e9nomm\u00e9 \u00ab La comp\u00e9tition \u00bb<\/p>\n<p>La comp\u00e9tition, d&rsquo;une dur\u00e9e de 6 jours, se compose de 28 phases de qualifications dans les restaurants McDonald\u2019s Participants, les 6 et 7 novembre et les 13 et 14 novembre puis d&rsquo;une phase finale le 28 novembre lors du Toulouse Game Show \u00e0 Toulouse.<\/p>\n<\/div>\n<p>[\/et_pb_text][et_pb_text _builder_version=\u00a0\u00bb4.11.1&Prime; _module_preset=\u00a0\u00bbdefault\u00a0\u00bb text_text_color=\u00a0\u00bbgcid-6c0d3b7b-4266-4bf4-b4e3-5a4db2beeefd\u00a0\u00bb header_font=\u00a0\u00bb|700||on|||||\u00a0\u00bb header_text_align=\u00a0\u00bbcenter\u00a0\u00bb header_text_color=\u00a0\u00bbgcid-6c0d3b7b-4266-4bf4-b4e3-5a4db2beeefd\u00a0\u00bb header_3_text_align=\u00a0\u00bbcenter\u00a0\u00bb hover_enabled=\u00a0\u00bb0&Prime; global_colors_info=\u00a0\u00bb{%22gcid-6c0d3b7b-4266-4bf4-b4e3-5a4db2beeefd%22:%91%22header_text_color%22,%22text_text_color%22%93}\u00a0\u00bb sticky_enabled=\u00a0\u00bb0&Prime;]<\/p>\n<h3><strong>Art. 2 ACCEPTATION DU R\u00c8GLEMENT<\/strong><\/h3>\n<div dir=\"auto\">\n<p><span>En s\u2019inscrivant au \u00ab McDonald\u2019s Cuistot Challenge \u00bb, les participants acceptent, sans r\u00e9sistance ou interpr\u00e9tation, de respecter le r\u00e8glement. Les participants acceptent l\u2019application de ce r\u00e8glement par l\u2019organisateur. <\/span><\/p>\n<p><span>L\u2019organisation se r\u00e9serve \u00e9galement le droit de prendre des d\u00e9cisions sur des points non-couverts par le r\u00e8glement ou m\u00eame contraire \u00e0 celui-ci dans le but de conserver l\u2019esprit sportif et l\u2019\u00e9quit\u00e9 de la comp\u00e9tition.<\/span><\/p>\n<\/div>\n<p>[\/et_pb_text][et_pb_text _builder_version=\u00a0\u00bb4.11.1&Prime; _module_preset=\u00a0\u00bbdefault\u00a0\u00bb text_text_color=\u00a0\u00bbgcid-6c0d3b7b-4266-4bf4-b4e3-5a4db2beeefd\u00a0\u00bb header_font=\u00a0\u00bb|700||on|||||\u00a0\u00bb header_text_align=\u00a0\u00bbcenter\u00a0\u00bb header_text_color=\u00a0\u00bbgcid-6c0d3b7b-4266-4bf4-b4e3-5a4db2beeefd\u00a0\u00bb header_3_text_align=\u00a0\u00bbcenter\u00a0\u00bb hover_enabled=\u00a0\u00bb0&Prime; global_colors_info=\u00a0\u00bb{%22gcid-6c0d3b7b-4266-4bf4-b4e3-5a4db2beeefd%22:%91%22header_text_color%22,%22text_text_color%22%93}\u00a0\u00bb sticky_enabled=\u00a0\u00bb0&Prime;]<\/p>\n<h3><strong>Art. 3 CONDITIONS ET MODALIT\u00c9S DE PARTICIPATION<\/strong><\/h3>\n<div dir=\"auto\">\n<p>La participation est ouverte \u00e0 toute personne physique, \u00e2g\u00e9e d\u2019au moins 18 ans.<br \/>La participation \u00e0 cette comp\u00e9tition est conditionn\u00e9e \u00e0 l\u2019acceptation de la demande d\u2019inscription par l\u2019organisateur du tournoi.<\/p>\n<p>L\u2019inscription est gratuite pour les participants.<br \/>Les participants s&rsquo;affrontent sur le jeu \u00ab Overcooked! 2 \u00bb, propri\u00e9t\u00e9 de l\u2019\u00e9diteur Team17.<\/p>\n<p>Les phases qualificatives de cette comp\u00e9tition auront lieu dans 28 restaurants McDonald&rsquo;s les 6, 7, 13 et 14 Novembre suivant le restaurant que l&rsquo;\u00e9quipe participante aura choisi lors de son inscription.<br \/>Les participants ne sont autoris\u00e9s \u00e0 participer qu&rsquo;\u00e0 une seule de ces dates et dans un seul restaurant. En cas d\u2019inscriptions multiples, les organisateurs se r\u00e9servent le droit d\u2019annuler la participation des \u00e9quipes n\u2019ayant pas respect\u00e9 la r\u00e8gle de la participation unique au jeu.<\/p>\n<p>Le pass sanitaire est obligatoire lors de la comp\u00e9tition en restaurant.<\/p>\n<p>Une v\u00e9rification du nom des comp\u00e9titeurs par pi\u00e8ce d\u2019identit\u00e9 sera r\u00e9alis\u00e9e avant la comp\u00e9tition.<\/p>\n<p>Les restaurants McDonald&rsquo;s participants sont : TOULOUSE Esquirol, Rangueil, Mirail, Compans, Purpan, Capitole, Rte Espagne, Montaudran, Jean Chaubet, Koenigs, Wilson, Plaisance, Fonsorbes, L\u2019union, Lab\u00e8ge, Tournefeuille, Colomiers Centre et Perget, Rouffiac, Roques, Balma, Ayguesvives, Portet, Aucamville, Saint Orens, Cugnaux, Muret et Auterive.<\/p>\n<p>Pour participer, les joueurs devront se rendre sur la page d&rsquo;inscription accessible \u00e0 l&rsquo;adresse www.cuistot-challenge.com<br \/>Les participants souhaitant voir leur inscription valid\u00e9e se devront :<br \/>* D&rsquo;accepter le pr\u00e9sent r\u00e8glement ;<br \/>* De remplir d\u00fbment le formulaire d\u2019inscription en remplissant l\u2019ensemble des champs obligatoires.<br \/>Une seule inscription sur le site est autoris\u00e9e.<\/p>\n<p>L&rsquo;ESBI se charge d\u2019\u00e9tudier chacune des inscriptions. Toute inscription inexacte et\/ou incompl\u00e8te ne sera pas prise en compte et entra\u00eenera la nullit\u00e9 de la participation.<br \/>De mani\u00e8re g\u00e9n\u00e9rale, les inscriptions \/ r\u00e9ponses incompl\u00e8tes, erron\u00e9es, non nominatives, \u00e9manant d\u2019un non participant ou effectu\u00e9es apr\u00e8s la date et\/ou l\u2019heure limite de r\u00e9ponse, de m\u00eame que celles \u00e9mettant des r\u00e9serves \u00e0 l\u2019encontre du pr\u00e9sent r\u00e8glement, ne seront pas prises en compte.<\/p>\n<p>Toute modification des inscriptions survenant apr\u00e8s la date de fin d\u2019inscription d\u00e9termin\u00e9e par l\u2019organisateur ne pourra pas \u00eatre prise en compte.<\/p>\n<p>L\u2019ESBI se r\u00e9serve le droit d\u2019annuler ou de modifier les r\u00e8gles de la comp\u00e9tition si des fraudes venaient \u00e0 \u00eatre constat\u00e9es.<\/p>\n<p>Informatique et libert\u00e9s<br \/>Conform\u00e9ment \u00e0 la loi du 6 janvier 1978 relative \u00e0 l\u2019informatique, aux fichiers et aux libert\u00e9s, les participants disposent du droit d\u2019acc\u00e8s, de modification, de rectification et de suppression des informations nominatives les concernant sur simple demande \u00e9crite \u00e0 l\u2019ESBI 4 Rue Marie Curie, 31520 Ramonville-Saint-Agne ou par mail \u00e0 contact@esbi-campus.com .<\/p>\n<p>Dotation de l&rsquo;\u00e9v\u00e9nement<br \/>La dotation attribu\u00e9e \u00e0 la comp\u00e9tition \u00ab McDonald\u2019s Cuistot Challenge \u00bb est fix\u00e9e \u00e0 2000\u20ac et sera offerte \u00e0 l&rsquo;\u00e9quipe gagnante lors des phases finales du Toulouse Game Show.<\/p>\n<\/div>\n<p>[\/et_pb_text][et_pb_text _builder_version=\u00a0\u00bb4.11.1&Prime; _module_preset=\u00a0\u00bbdefault\u00a0\u00bb text_text_color=\u00a0\u00bbgcid-6c0d3b7b-4266-4bf4-b4e3-5a4db2beeefd\u00a0\u00bb header_font=\u00a0\u00bb|700||on|||||\u00a0\u00bb header_text_align=\u00a0\u00bbcenter\u00a0\u00bb header_text_color=\u00a0\u00bbgcid-6c0d3b7b-4266-4bf4-b4e3-5a4db2beeefd\u00a0\u00bb header_3_text_align=\u00a0\u00bbcenter\u00a0\u00bb hover_enabled=\u00a0\u00bb0&Prime; global_colors_info=\u00a0\u00bb{%22gcid-6c0d3b7b-4266-4bf4-b4e3-5a4db2beeefd%22:%91%22header_text_color%22,%22text_text_color%22%93}\u00a0\u00bb sticky_enabled=\u00a0\u00bb0&Prime;]<\/p>\n<h3><strong>Art. 4     APPLICATION &#038; MODIFICATION DU TOURNOI<\/strong><\/h3>\n<div dir=\"auto\">\n<p>L&rsquo;ESBI se r\u00e9serve le droit, et ce de fa\u00e7on discr\u00e9tionnaire, de modifier, prolonger, \u00e9courter, suspendre la comp\u00e9tition sans pr\u00e9avis, sans que sa responsabilit\u00e9 soit engag\u00e9e. D\u00e8s lors, aucun d\u00e9dommagement ne pourra \u00eatre demand\u00e9 par les participants.<br \/>\nL&rsquo;ESBI pourra annuler tout ou partie du processus de s\u00e9lection des participants s\u2019il appara\u00eet que des fraudes sont intervenues sous quelque formes que ce soit, notamment de mani\u00e8re informatique dans le cadre de la participation ou de la d\u00e9termination du vainqueur. Elle se r\u00e9serve, dans cette hypoth\u00e8se, le droit de ne pas attribuer les dotations aux fraudeurs et\/ou de poursuivre devant les juridictions comp\u00e9tentes les auteurs de ces fraudes.<\/p>\n<p>Conform\u00e9ment aux lois r\u00e9gissant les droits de propri\u00e9t\u00e9 intellectuelle, la reproduction et la repr\u00e9sentation de tout ou partie des \u00e9l\u00e9ments composant la comp\u00e9tition sont strictement interdites sans l\u2019accord pr\u00e9alable de l&rsquo;ESBI. Les marques cit\u00e9es \u00e0 l\u2019occasion de la comp\u00e9tition sont des marques d\u00e9pos\u00e9es par leurs propri\u00e9taires respectifs. Il est \u00e9galement rappel\u00e9 que l\u2019ensemble des \u00e9l\u00e9ments &#038; contenus issus du jeu \u00ab Overcooked! 2 \u00bb, sont la propri\u00e9t\u00e9 exclusive de son \u00e9diteur Team17.\n<\/p><\/div>\n<p>[\/et_pb_text][et_pb_text _builder_version=\u00a0\u00bb4.11.1&Prime; _module_preset=\u00a0\u00bbdefault\u00a0\u00bb text_text_color=\u00a0\u00bbgcid-6c0d3b7b-4266-4bf4-b4e3-5a4db2beeefd\u00a0\u00bb header_font=\u00a0\u00bb|700||on|||||\u00a0\u00bb header_text_align=\u00a0\u00bbcenter\u00a0\u00bb header_text_color=\u00a0\u00bbgcid-6c0d3b7b-4266-4bf4-b4e3-5a4db2beeefd\u00a0\u00bb header_3_text_align=\u00a0\u00bbcenter\u00a0\u00bb hover_enabled=\u00a0\u00bb0&Prime; global_colors_info=\u00a0\u00bb{%22gcid-6c0d3b7b-4266-4bf4-b4e3-5a4db2beeefd%22:%91%22header_text_color%22,%22text_text_color%22%93}\u00a0\u00bb sticky_enabled=\u00a0\u00bb0&Prime;]<\/p>\n<h3><strong>Art. 5    RESPONSABILIT\u00c9<\/strong><\/h3>\n<div dir=\"auto\">\nLa participation au Tournoi implique la connaissance et l\u2019acceptation des caract\u00e9ristiques mais \u00e9galement des limites de l\u2019internet, l\u2019absence de protection de certaines donn\u00e9es contre des d\u00e9tournements ou piratages \u00e9ventuels et des risques de contamination par d&rsquo;\u00e9ventuels virus circulant sur le r\u00e9seau.<br \/>\nL&rsquo;ESBI d\u00e9cline toute responsabilit\u00e9 quant aux cons\u00e9quences de la connexion des participants. En outre, la responsabilit\u00e9 de l&rsquo;ESBI ne pourra en aucun cas \u00eatre retenue en cas de probl\u00e8me d&rsquo;acheminement ou de perte de courrier \u00e9lectronique quel qu\u2019il soit.\n<\/div>\n<p>[\/et_pb_text][et_pb_text _builder_version=\u00a0\u00bb4.11.1&Prime; _module_preset=\u00a0\u00bbdefault\u00a0\u00bb text_text_color=\u00a0\u00bbgcid-6c0d3b7b-4266-4bf4-b4e3-5a4db2beeefd\u00a0\u00bb header_font=\u00a0\u00bb|700||on|||||\u00a0\u00bb header_text_align=\u00a0\u00bbcenter\u00a0\u00bb header_text_color=\u00a0\u00bbgcid-6c0d3b7b-4266-4bf4-b4e3-5a4db2beeefd\u00a0\u00bb header_3_text_align=\u00a0\u00bbcenter\u00a0\u00bb hover_enabled=\u00a0\u00bb0&Prime; global_colors_info=\u00a0\u00bb{%22gcid-6c0d3b7b-4266-4bf4-b4e3-5a4db2beeefd%22:%91%22header_text_color%22,%22text_text_color%22%93}\u00a0\u00bb sticky_enabled=\u00a0\u00bb0&Prime;]<\/p>\n<h3><strong>Art. 6 DEROULEMENT DE LA COMPETITION<\/strong><\/h3>\n<div dir=\"auto\">\n<p><strong><span>PHASE DE QUALIFICATION<\/span><\/strong><\/p>\n<p><span>\u00a0<\/span><\/p>\n<ul>\n<li><span> <\/span><u><span>Format<\/span><\/u><\/li>\n<\/ul>\n<p><span>La comp\u00e9tition se d\u00e9roule par \u00e9quipe de 2 joueurs.<\/span><\/p>\n<p><span>Chaque \u00e9quipe inscrite aura, lors de son inscription, choisi un des restaurants McDonald&rsquo;s participant dans lequel il souhaite se rendre pour disputer la comp\u00e9tition.<\/span><\/p>\n<p><span>28 restaurants McDonald&rsquo;s seront pr\u00eats \u00e0 accueillir maximum 16 \u00e9quipes par restaurant les 6, 7, 13 et 14 Novembre 2021.<\/span><\/p>\n<p><span>Liste et date de la comp\u00e9tition en fonction du restaurant choisi : <\/span><\/p>\n<p><span>\u00a0<\/span><\/p>\n<p><span>Samedi 6 novembre de 14h30 \u00e0 17h30<\/span><\/p>\n<p><span>&#8211; Plaisance<\/span><\/p>\n<p><span>&#8211; Fonsorbes<\/span><\/p>\n<p><span>&#8211; Esquirol <\/span><\/p>\n<p><span>&#8211; Compans <\/span><\/p>\n<p><span>&#8211; L\u2019union<\/span><\/p>\n<p><span>&#8211; Rangueil <\/span><\/p>\n<p><span>&#8211; Lab\u00e8ge<\/span><\/p>\n<p><span>\u00a0\u00a0\u00a0\u00a0\u00a0 <\/span><\/p>\n<p><span>Dimanche 7 novembre de 14h30 \u00e0 17h30 <\/span><\/p>\n<p><span>&#8211; Mirail<\/span><\/p>\n<p><span>&#8211; Tournefeuille<\/span><\/p>\n<p><span>&#8211; Colomiers<\/span><\/p>\n<p><span>&#8211; Purpan <\/span><\/p>\n<p><span>&#8211; Perget<\/span><\/p>\n<p><span>&#8211; Rouffiac <\/span><\/p>\n<p><span>&#8211; Roques<\/span><\/p>\n<p><span>\u00a0<\/span><\/p>\n<p><span>Samedi 13 novembre de 14h30 \u00e0 17h30 <\/span><\/p>\n<p><span>&#8211; Capitole<\/span><\/p>\n<p><span>&#8211; Wilson<\/span><\/p>\n<p><span>&#8211; Balma<\/span><\/p>\n<p><span>&#8211; Montaudran <\/span><\/p>\n<p><span>&#8211; Ayguesvives <\/span><\/p>\n<p><span>&#8211; Rte Espagne <\/span><\/p>\n<p><span>&#8211; Portet<\/span><\/p>\n<p><span>\u00a0<\/span><\/p>\n<p><span>Dimanche 14 novembre de 14h30 \u00e0 17h30 <\/span><\/p>\n<p><span>&#8211; Jean Chaubet<\/span><\/p>\n<p><span>&#8211; Saint Orens<\/span><\/p>\n<p><span>&#8211; Auterive<\/span><\/p>\n<p><span>&#8211; Koenigs<\/span><\/p>\n<p><span>&#8211; Muret<\/span><\/p>\n<p><span>&#8211; Cugnaux<\/span><\/p>\n<p><span>&#8211; Aucamville<\/span><\/p>\n<p><span>\u00a0<\/span><\/p>\n<p><span>Au total, 448 \u00e9quipes de 2 joueurs pourront \u00eatre accueillies dans l&rsquo;ensemble des restaurants sur les 4 jours de phase qualificative. A noter qu&rsquo;il est formellement interdit qu&rsquo;une \u00e9quipe ou un joueur participe deux fois sur des dates diff\u00e9rentes.<\/span><\/p>\n<p><span>Chacune des \u00e9quipes s&rsquo;affronte en partie locale sur le jeu \u00ab Overcooked! 2 \u00bb sur Nintendo Switch. 2 consoles seront \u00e0 disposition par restaurant.<\/span><\/p>\n<p><span>Les tournois seront \u00e0 double \u00e9limination, une \u00e9quipe sera donc \u00e9limin\u00e9e lorsqu&rsquo;elle aura perdu deux parties.<\/span><\/p>\n<p><span>A l&rsquo;issue d&rsquo;un tournoi, une seule \u00e9quipe par restaurant se verra qualifi\u00e9e pour les phases finales de la comp\u00e9tition.<\/span><\/p>\n<p><span>\u00a0<\/span><\/p>\n<ul>\n<li><span> <\/span><u><span>Avant le match<\/span><\/u><\/li>\n<\/ul>\n<p><span>\u00a0<\/span><\/p>\n<p><span>Rendez-vous \u00e0 14h00 dans le restaurant choisi pour un d\u00e9marrage de la comp\u00e9tition \u00e0 14h30 lors de votre inscription et \u00e0 la date correspondant \u00e0 ce restaurant avec votre carte d&rsquo;identit\u00e9 et votre pass sanitaire. Les organisateurs pr\u00e9sents sur place confirment votre participation lorsque les deux joueurs auront valid\u00e9 leur pr\u00e9sence en r\u00e8gle. Et vous orienteront ensuite lorsque ce sera \u00e0 vous de jouer.<\/span><\/p>\n<p><span>\u00a0<\/span><\/p>\n<ul>\n<li><span> <\/span><u><span>Pendant le match<\/span><\/u><\/li>\n<\/ul>\n<p><span>\u00a0<\/span><\/p>\n<p><span>Les organisateurs se r\u00e9servent le droit d&rsquo;\u00e9liminer une \u00e9quipe qui ne se pr\u00e9sente pas \u00e0 l&rsquo;heure annonc\u00e9e ou dont le comportement serait insultant ou violent envers les \u00e9quipes organisatrices ou les autres comp\u00e9titeurs. <\/span><\/p>\n<p><span>\u00a0<\/span><\/p>\n<ul>\n<li><span> <\/span><u><span>Apr\u00e8s le match<\/span><\/u><\/li>\n<\/ul>\n<p><span>\u00a0<\/span><\/p>\n<p><span>A la fin de votre match, le r\u00e9sultat sera report\u00e9 par un organisateur qui vous orientera sur la suite de votre parcours dans la comp\u00e9tition.<\/span><\/p>\n<\/div>\n<p>[\/et_pb_text][et_pb_text _builder_version=\u00a0\u00bb4.11.1&Prime; _module_preset=\u00a0\u00bbdefault\u00a0\u00bb text_text_color=\u00a0\u00bbgcid-6c0d3b7b-4266-4bf4-b4e3-5a4db2beeefd\u00a0\u00bb header_font=\u00a0\u00bb|700||on|||||\u00a0\u00bb header_text_align=\u00a0\u00bbcenter\u00a0\u00bb header_text_color=\u00a0\u00bbgcid-6c0d3b7b-4266-4bf4-b4e3-5a4db2beeefd\u00a0\u00bb header_3_text_align=\u00a0\u00bbcenter\u00a0\u00bb hover_enabled=\u00a0\u00bb0&Prime; global_colors_info=\u00a0\u00bb{%22gcid-6c0d3b7b-4266-4bf4-b4e3-5a4db2beeefd%22:%91%22header_text_color%22,%22text_text_color%22%93}\u00a0\u00bb sticky_enabled=\u00a0\u00bb0&Prime;]<\/p>\n<h3><strong>Art. 7 DROIT \u00c0 L&rsquo;IMAGE<\/strong><\/h3>\n<div dir=\"auto\">\n<p><span>Les participants autorisent McDonald\u2019s et l\u2019ESBI \u00e0 utiliser leurs nom, pr\u00e9nom,ville de r\u00e9sidence et images relatives au jeu \u00e0 toute fin publicitaire ou commerciale.<\/span><\/p>\n<p><span>Du fait\u00a0 de l\u2019acceptation de son prix,\u00a0 le gagnant autorise la Soci\u00e9t\u00e9 Organisatrice\u00a0 \u00e0 utiliser\u00a0 son nom, pr\u00e9nom, adresse et num\u00e9ro\u00a0 de t\u00e9l\u00e9phone\u00a0 et photographie\u00a0 dans toute manifestation\u00a0 promotionnelle\u00a0 li\u00e9e au pr\u00e9sent jeu sans que\u00a0 cette utilisation\u00a0 puisse donner\u00a0 lieu \u00e0 une quelconque\u00a0 contrepartie\u00a0 autre que le prix gagn\u00e9.<\/span><\/p>\n<\/div>\n<p>[\/et_pb_text][et_pb_text _builder_version=\u00a0\u00bb4.11.1&Prime; _module_preset=\u00a0\u00bbdefault\u00a0\u00bb text_text_color=\u00a0\u00bbgcid-6c0d3b7b-4266-4bf4-b4e3-5a4db2beeefd\u00a0\u00bb header_font=\u00a0\u00bb|700||on|||||\u00a0\u00bb header_text_align=\u00a0\u00bbcenter\u00a0\u00bb header_text_color=\u00a0\u00bbgcid-6c0d3b7b-4266-4bf4-b4e3-5a4db2beeefd\u00a0\u00bb header_3_text_align=\u00a0\u00bbcenter\u00a0\u00bb hover_enabled=\u00a0\u00bb0&Prime; global_colors_info=\u00a0\u00bb{%22gcid-6c0d3b7b-4266-4bf4-b4e3-5a4db2beeefd%22:%91%22header_text_color%22,%22text_text_color%22%93}\u00a0\u00bb sticky_enabled=\u00a0\u00bb0&Prime;]<\/p>\n<h3><strong>Art. 8 D\u00c9P\u00d4T DU R\u00c8GLEMENT<\/strong><\/h3>\n<div dir=\"auto\">\n<p>Le pr\u00e9sent r\u00e8glement est d\u00e9pos\u00e9 \u00e0 la SCP Jer\u00f4me RODRIGUEZ, huissier de justice, 1 rue Delpech 31000 TOULOUSE.<\/p>\n<p>Le r\u00e8glement est disponible dans les restaurants McDonald\u2019s participants \u00e0 l\u2019op\u00e9ration pendant toute la dur\u00e9e du jeu.<\/p>\n<p>La participation au jeu implique l\u2019acceptation pure et simple du pr\u00e9sent r\u00e8glement.<\/p>\n<\/div>\n<p>[\/et_pb_text][\/et_pb_column][\/et_pb_row][\/et_pb_section]<\/p>\n","protected":false},"excerpt":{"rendered":"<p>REGLEMENT DE JEU \u00ab Mc Donald\u2019s Cuistot Challenge \u00bbArt. 1 SOCI\u00c9T\u00c9S ORGANISATRICES A\u2019TOUT\u2019COM situ\u00e9e 56 rue Alfred Dum\u00e9ril 31400 Toulouse siret 877 653 428 00012 Le r\u00e8glement g\u00e9n\u00e9ral du \u00ab Cuistot Challenge \u00bb a \u00e9t\u00e9 d\u00e9cid\u00e9 et \u00e9crit par l\u2019organisateur de la comp\u00e9tition ESBI, l&rsquo;ESBI est une SARL unipersonnelle domicili\u00e9e au 4 Rue Marie Curie, [&hellip;]<\/p>\n","protected":false},"author":2,"featured_media":0,"parent":0,"menu_order":0,"comment_status":"closed","ping_status":"closed","template":"","meta":{"_et_pb_use_builder":"on","_et_pb_old_content":"","_et_gb_content_width":""},"_links":{"self":[{"href":"https:\/\/cuistot-challenge.com\/index.php\/wp-json\/wp\/v2\/pages\/153"}],"collection":[{"href":"https:\/\/cuistot-challenge.com\/index.php\/wp-json\/wp\/v2\/pages"}],"about":[{"href":"https:\/\/cuistot-challenge.com\/index.php\/wp-json\/wp\/v2\/types\/page"}],"author":[{"embeddable":true,"href":"https:\/\/cuistot-challenge.com\/index.php\/wp-json\/wp\/v2\/users\/2"}],"replies":[{"embeddable":true,"href":"https:\/\/cuistot-challenge.com\/index.php\/wp-json\/wp\/v2\/comments?post=153"}],"version-history":[{"count":9,"href":"https:\/\/cuistot-challenge.com\/index.php\/wp-json\/wp\/v2\/pages\/153\/revisions"}],"predecessor-version":[{"id":224,"href":"https:\/\/cuistot-challenge.com\/index.php\/wp-json\/wp\/v2\/pages\/153\/revisions\/224"}],"wp:attachment":[{"href":"https:\/\/cuistot-challenge.com\/index.php\/wp-json\/wp\/v2\/media?parent=153"}],"curies":[{"name":"wp","href":"https:\/\/api.w.org\/{rel}","templated":true}]}}