{"id":95,"date":"2021-10-12T11:59:35","date_gmt":"2021-10-12T09:59:35","guid":{"rendered":"https:\/\/cuistot-challenge.com\/?page_id=95"},"modified":"2021-10-12T12:22:01","modified_gmt":"2021-10-12T10:22:01","slug":"mentions-legal","status":"publish","type":"page","link":"https:\/\/cuistot-challenge.com\/index.php\/mentions-legal\/","title":{"rendered":"Mentions l\u00e9gales"},"content":{"rendered":"<p>[et_pb_section fb_built=\u00a0\u00bb1&Prime; _builder_version=\u00a0\u00bb4.11.1&Prime; _module_preset=\u00a0\u00bbdefault\u00a0\u00bb global_colors_info=\u00a0\u00bb{}\u00a0\u00bb locked=\u00a0\u00bboff\u00a0\u00bb][et_pb_row _builder_version=\u00a0\u00bb4.11.1&Prime; _module_preset=\u00a0\u00bbdefault\u00a0\u00bb global_colors_info=\u00a0\u00bb{}\u00a0\u00bb][et_pb_column type=\u00a0\u00bb4_4&Prime; _builder_version=\u00a0\u00bb4.11.1&Prime; _module_preset=\u00a0\u00bbdefault\u00a0\u00bb global_colors_info=\u00a0\u00bb{}\u00a0\u00bb][et_pb_text _builder_version=\u00a0\u00bb4.11.1&Prime; _module_preset=\u00a0\u00bbdefault\u00a0\u00bb header_font=\u00a0\u00bb|700||on|||||\u00a0\u00bb header_text_align=\u00a0\u00bbcenter\u00a0\u00bb header_text_color=\u00a0\u00bbgcid-6c0d3b7b-4266-4bf4-b4e3-5a4db2beeefd\u00a0\u00bb hover_enabled=\u00a0\u00bb0&Prime; global_colors_info=\u00a0\u00bb{%22gcid-6c0d3b7b-4266-4bf4-b4e3-5a4db2beeefd%22:%91%22header_text_color%22%93}\u00a0\u00bb sticky_enabled=\u00a0\u00bb0&Prime;]<\/p>\n<h1>Mentions l\u00e9gales<\/h1>\n<p>[\/et_pb_text][\/et_pb_column][\/et_pb_row][et_pb_row _builder_version=\u00a0\u00bb4.11.1&Prime; _module_preset=\u00a0\u00bbdefault\u00a0\u00bb global_colors_info=\u00a0\u00bb{}\u00a0\u00bb][et_pb_column type=\u00a0\u00bb4_4&Prime; _builder_version=\u00a0\u00bb4.11.1&Prime; _module_preset=\u00a0\u00bbdefault\u00a0\u00bb global_colors_info=\u00a0\u00bb{}\u00a0\u00bb][et_pb_text _builder_version=\u00a0\u00bb4.11.1&Prime; _module_preset=\u00a0\u00bbdefault\u00a0\u00bb text_text_color=\u00a0\u00bbgcid-6c0d3b7b-4266-4bf4-b4e3-5a4db2beeefd\u00a0\u00bb header_font=\u00a0\u00bb|700||on|||||\u00a0\u00bb header_text_align=\u00a0\u00bbcenter\u00a0\u00bb header_text_color=\u00a0\u00bbgcid-6c0d3b7b-4266-4bf4-b4e3-5a4db2beeefd\u00a0\u00bb hover_enabled=\u00a0\u00bb0&Prime; global_colors_info=\u00a0\u00bb{%22gcid-6c0d3b7b-4266-4bf4-b4e3-5a4db2beeefd%22:%91%22header_text_color%22,%22text_text_color%22%93}\u00a0\u00bb sticky_enabled=\u00a0\u00bb0&Prime; max_width=\u00a0\u00bb100%\u00a0\u00bb custom_margin=\u00a0\u00bb|36.4%||36.4%|false|true\u00a0\u00bb]<\/p>\n<p><span><strong>Raison Sociale<\/strong> : ESPORT BUSINESS INSTITUT<\/span><br \/><span><strong>Statut juridique<\/strong> : S.A.R.L<\/span><br \/><span><strong>G\u00e9rant<\/strong> : Yann Serra<\/span><br \/><span><strong>Si\u00e8ge social<\/strong> : 4 Rue Marie Curie<\/span><br \/><span><strong>Code postal<\/strong> : 31520<\/span><br \/><span><strong>Ville<\/strong> : Ramonville-Saint-Agne<\/span><br \/><span><strong>Pays<\/strong> : France<\/span><br \/><span><strong>Site <\/strong>:<a href=\"mailto:yann.serra@esbi-campus.com\" title=\"mailto:yann.serra@esbi-campus.com\"> yann.serra@esbi-campus.com<\/a><\/span><br \/><span><strong>E-mail<\/strong> :\u00a0<\/span><a href=\"https:\/\/esbi-campus.com\/\" title=\"Site ESBI\">www.esbi-campus.com<\/a><br \/><span><strong>N\u00b0 Siret<\/strong> : 87897056500015<\/span><br \/><span><strong>N\u00b0 TVA<\/strong> : FR75878970565<\/span><\/p>\n<p>[\/et_pb_text][\/et_pb_column][\/et_pb_row][\/et_pb_section]<\/p>\n","protected":false},"excerpt":{"rendered":"<p>Mentions l\u00e9galesRaison Sociale : ESPORT BUSINESS INSTITUTStatut juridique : S.A.R.LG\u00e9rant : Yann SerraSi\u00e8ge social : 4 Rue Marie CurieCode postal : 31520Ville : Ramonville-Saint-AgnePays : FranceSite : yann.serra@esbi-campus.comE-mail :\u00a0www.esbi-campus.comN\u00b0 Siret : 87897056500015N\u00b0 TVA : FR75878970565<\/p>\n","protected":false},"author":1,"featured_media":0,"parent":0,"menu_order":0,"comment_status":"closed","ping_status":"closed","template":"","meta":{"_et_pb_use_builder":"on","_et_pb_old_content":"","_et_gb_content_width":""},"_links":{"self":[{"href":"https:\/\/cuistot-challenge.com\/index.php\/wp-json\/wp\/v2\/pages\/95"}],"collection":[{"href":"https:\/\/cuistot-challenge.com\/index.php\/wp-json\/wp\/v2\/pages"}],"about":[{"href":"https:\/\/cuistot-challenge.com\/index.php\/wp-json\/wp\/v2\/types\/page"}],"author":[{"embeddable":true,"href":"https:\/\/cuistot-challenge.com\/index.php\/wp-json\/wp\/v2\/users\/1"}],"replies":[{"embeddable":true,"href":"https:\/\/cuistot-challenge.com\/index.php\/wp-json\/wp\/v2\/comments?post=95"}],"version-history":[{"count":4,"href":"https:\/\/cuistot-challenge.com\/index.php\/wp-json\/wp\/v2\/pages\/95\/revisions"}],"predecessor-version":[{"id":183,"href":"https:\/\/cuistot-challenge.com\/index.php\/wp-json\/wp\/v2\/pages\/95\/revisions\/183"}],"wp:attachment":[{"href":"https:\/\/cuistot-challenge.com\/index.php\/wp-json\/wp\/v2\/media?parent=95"}],"curies":[{"name":"wp","href":"https:\/\/api.w.org\/{rel}","templated":true}]}}